{"id":7985,"date":"2024-07-22T09:54:10","date_gmt":"2024-07-22T07:54:10","guid":{"rendered":"https:\/\/www.hungtieu.com\/public_html\/?page_id=7985"},"modified":"2025-02-10T11:12:25","modified_gmt":"2025-02-10T10:12:25","slug":"agb","status":"publish","type":"page","link":"https:\/\/www.hungtieu.com\/public_html\/agb\/","title":{"rendered":"AGB"},"content":{"rendered":"\t\t<div data-elementor-type=\"wp-page\" data-elementor-id=\"7985\" class=\"elementor elementor-7985\" data-elementor-post-type=\"page\">\n\t\t\t\t\t\t<section class=\"elementor-section elementor-top-section elementor-element elementor-element-43897269 elementor-section-boxed elementor-section-height-default elementor-section-height-default sc_fly_static\" data-id=\"43897269\" data-element_type=\"section\" data-settings=\"{&quot;background_background&quot;:&quot;classic&quot;}\">\n\t\t\t\t\t\t<div class=\"elementor-container elementor-column-gap-extended\">\n\t\t\t\t\t<div class=\"elementor-column elementor-col-100 elementor-top-column elementor-element elementor-element-6f02bc5d sc_inner_width_none sc_content_align_inherit sc_layouts_column_icons_position_left sc_fly_static\" data-id=\"6f02bc5d\" data-element_type=\"column\">\n\t\t\t<div class=\"elementor-widget-wrap elementor-element-populated\">\n\t\t\t\t\t\t<div class=\"elementor-element elementor-element-1873ed3 sc_fly_static elementor-widget elementor-widget-text-editor\" data-id=\"1873ed3\" data-element_type=\"widget\" data-widget_type=\"text-editor.default\">\n\t\t\t\t<div class=\"elementor-widget-container\">\n\t\t\t<style>\/*! elementor - v3.23.0 - 15-07-2024 *\/\n.elementor-widget-text-editor.elementor-drop-cap-view-stacked .elementor-drop-cap{background-color:#69727d;color:#fff}.elementor-widget-text-editor.elementor-drop-cap-view-framed .elementor-drop-cap{color:#69727d;border:3px solid;background-color:transparent}.elementor-widget-text-editor:not(.elementor-drop-cap-view-default) .elementor-drop-cap{margin-top:8px}.elementor-widget-text-editor:not(.elementor-drop-cap-view-default) .elementor-drop-cap-letter{width:1em;height:1em}.elementor-widget-text-editor .elementor-drop-cap{float:left;text-align:center;line-height:1;font-size:50px}.elementor-widget-text-editor .elementor-drop-cap-letter{display:inline-block}<\/style>\t\t\t\t<header class=\"entry-header\"><h1 class=\"entry-title\">Allgemeine Gesch\u00e4ftsbedingungen (AGB)<\/h1><\/header><div class=\"entry-content\"><h3>Hung Tieu Management Consulting | Training | Coaching<\/h3><p>Barbenweg 8<br \/>70378 Stuttgart<\/p><p><strong>Stand: 1. Januar 2023<\/strong><\/p><h3><strong>Seminare<\/strong><\/h3><p><strong>Anmeldung:<\/strong><\/p><p>Bitte melden Sie sich online \u00fcber unsere Website oder schriftlich an. Bitte geben Sie uns den Namen des Teilnehmers und die vollst\u00e4ndige Firmenanschrift bzw. Rechnungsanschrift mit Telefonnummer sowie E-Mail-Adresse an. Ihre Anmeldung ist verbindlich und wird in der Reihenfolge des Eingangs von uns gebucht.<\/p><p>Eine Anmeldung ist so lange nur vorl\u00e4ufig, bis der Rechnungsbeitrag per \u00dcberweisung auf unser Konto eingegangen ist. F\u00fcr den Zahlungsvorgang muss die offizielle Rechnungsstellung abgewartet werden. Die Rechnungsstellung erfolgt in der Regel 4 Wochen vor dem Seminartermin.<\/p><p>Alle Teilnahmegeb\u00fchren verstehen sich zuz\u00fcglich der deutschen Umsatzsteuer von derzeit 19 %.\u00a0Ausnahme: Dem Auftraggeber\/Teilnehmer liegt die Umsatzsteuerbefreiung f\u00fcr berufliche Bildungsma\u00dfnahmen nach \u00a7 4 Nr. 21 a) bb) Umsatzsteuergesetz (UStG) vor.<\/p><p>F\u00fcr die Bezahlung der Teilnahmegeb\u00fchren gilt ein Zahlungsziel von 7 Kalendertagen nach Rechnungsstellung. Auf jeden Fall muss der Zahlungseingang noch vor Beginn der gebuchten Veranstaltung erfolgt sein. Ist der Zahlungseingang nicht innerhalb der Frist nach Rechnungsversand erfolgt, behalten wir uns\u00a0vor, die Anmeldung einseitig zu stornieren. Eine Ratenzahlung kann nur nach Absprache erfolgen.\u00a0<\/p><p>Bei \u00dcberweisungen aus dem Ausland gehen die \u00dcberweisungsgeb\u00fchren zu Lasten des Teilnehmers.\u00a0Pro eingegangener Teilnahmegeb\u00fchr entsteht die Berechtigung zur Seminar-\/Webinarteilnahme f\u00fcr 1 Person. F\u00fcr die Nutzung durch mehrere Personen und mehrere Bildschirme bzw. Gro\u00dfbildschirm ist eine separate Vereinbarung erforderlich.<\/p><p>In den Teilnahmegeb\u00fchren sind alle relevante Lehrmaterialien in Form von Dateien enthalten.\u00a0Das vorab bekanntgegebene Seminar-\/Webinarprogramm kann je nach Bed\u00fcrfnis der Teilnehmer noch modifiziert werden und ist insofern grunds\u00e4tzlich anpassbar.<\/p><p><strong>Absage von Veranstaltungen:<\/strong><\/p><p>Wir behalten uns vor, die Veranstaltung wegen zu geringer Nachfrage bzw. Teilnehmerzahl oder aus sonstigen wichtigen, von uns nicht zu vertretenden Gr\u00fcnden (z. B. pl\u00f6tzliche Erkrankung des Referenten, h\u00f6here Gewalt) abzusagen. Bereits entrichtete Teilnahmegeb\u00fchren werden selbstverst\u00e4ndlich zur\u00fcckerstattet, oder \u2013 falls erw\u00fcnscht und noch m\u00f6glich \u2013 auf einen anderen Seminartermin \u00fcbertragen.<\/p><p><strong>Eigentumsvorbehalt und Nutzung der Seminar-Unterlagen:<\/strong><\/p><p>Wir behalten uns bei allen Lieferungen von Lehrmaterialien das uneingeschr\u00e4nkte Eigentum bis zur vollst\u00e4ndigen Erf\u00fcllung s\u00e4mtlicher Zahlungsverpflichtungen durch den Kunden vor.<\/p><p>Die Weitergabe an Dritte oder \u00f6ffentliche Verbreitung oder Zug\u00e4nglichmachung von Lehrgangsunterlagen oder Lehrmaterialien ist nicht zugelassen. Insbesondere die Ver\u00f6ffentlichung von Audio- oder Videodaten, digitalen Pr\u00e4sentationen oder Skripten in \u00f6ffentlich zug\u00e4nglichen Internetportalen ist untersagt. Alle in der Veranstaltung ausgegebenen Lehrmaterialien bleiben urheberrechtliches Eigentum von\u00a0Hung Tieu Management Consulting | Training | Coaching\u00a0und d\u00fcrfen nur zum pers\u00f6nlichen Gebrauch der Webinar-Teilnehmer verwendet werden.\u00a0Jede Form von unautorisiertem Mitschnitt (Bild- und Tonaufnahmen) ist ausdr\u00fccklich untersagt und kann straf- und zivilrechtliche Folgen haben. Dies gilt auch f\u00fcr Chat-Protokolle.<\/p><p><strong>Stornierung:<\/strong><\/p><p>Sie k\u00f6nnen jederzeit vom Vertrag zur\u00fccktreten. Bitte beachten Sie, dass wir folgende Bearbeitungsgeb\u00fchren erheben:<\/p><ul><li>Erfolgt der R\u00fccktritt mit einer Frist von mehr als vier Wochen vor dem Schulungstermin, so entstehen hieraus keine Kosten.<\/li><li>Erfolgt der R\u00fccktritt mit einer Frist von weniger als vier Wochen vor dem Schulungstermin, werden 25 % der festgelegten Schulungsverg\u00fctung f\u00e4llig.<\/li><li>Erfolgt der R\u00fccktritt mit einer Frist von weniger als zwei Wochen vor dem Schulungstermin, werden 50 % der festgelegten Schulungsverg\u00fctung f\u00e4llig.<\/li><li>Erfolgt der R\u00fccktritt mit einer Frist von weniger als sieben Tagen vor dem Schulungstermin, werden 100 % der im jeweiligen Einzelvertrag festgelegten Schulungsverg\u00fctung f\u00e4llig. Dies gilt auch bei Nichterscheinen des angemeldeten Teilnehmers.<\/li><\/ul><p>Diese Bearbeitungs-\/Ausfallgeb\u00fchren entfallen komplett, wenn von dem angemeldeten Teilnehmer ein Ersatzteilnehmer gestellt wird, durch den eine ordnungsgem\u00e4\u00dfe Seminar-\/Webinarteilnahme erfolgt.<\/p><p><strong>Haftung:<\/strong><\/p><p>Webinarleitung und Veranstalter sind von Haftungsanspr\u00fcchen freigestellt. Sonstige Schadensersatzanspr\u00fcche der Teilnehmer sind ausgeschlossen. Jeder Teilnehmer \u00fcbernimmt mit der Anmeldung f\u00fcr sein Handeln im Rahmen der Veranstaltung die volle Eigenverantwortung.<\/p><p><strong>Schlussbestimmungen:<\/strong><\/p><p>Die Sicherstellung einer stabilen Internet-Datenverbindung sowie die Organisation der f\u00fcr das Webinar erforderlichen und funktionierenden Hardware (z.B. Rechner, Bildschirm, Lautsprecher, Kopfh\u00f6rer bzw. Headset, Mikrofon, Kamera) obliegt den Teilnehmern. Bedienungsfehler der eigenen Hardware verantworten die Teilnehmer.<\/p><p>Hung Tieu Management Consulting | Training | Coaching\u00a0gibt keinerlei Adressdaten von Auftraggebern und Teilnehmern an Dritte weiter.<\/p><p>An einem Streitbeilegungsverfahren vor einer Verbraucherschlichtungsstelle wird nicht teilgenommen. Es gilt das Recht der Bundesrepublik Deutschland unter Ausschluss des UN-Kaufrechts sowie der Kollisionsnormen des Internationalen Privatrechts. Dies gilt auch f\u00fcr das Rechtsverh\u00e4ltnis zwischen den Marktteilnehmern, soweit diese nicht im Einzelfall etwas anderes vereinbart haben.<\/p><p>Die f\u00fcr den Vertragsschluss zur Verf\u00fcgung stehende Sprache ist Deutsch.\u00a0Der Gerichtsort ist Stuttgart.<\/p><p>Aus Gr\u00fcnden der besseren Lesbarkeit wird auf die gleichzeitige Verwendung der Sprachformen m\u00e4nnlich, weiblich und divers (m\/w\/d) verzichtet und das generische Maskulinum verwendet. S\u00e4mtliche Personenbezeichnungen gelten gleicherma\u00dfen f\u00fcr alle Geschlechter. Die verk\u00fcrzte Sprachform beinhaltet keinerlei Wertung.<\/p><\/div>\t\t\t\t\t\t<\/div>\n\t\t\t\t<\/div>\n\t\t\t\t\t<\/div>\n\t\t<\/div>\n\t\t\t\t\t<\/div>\n\t\t<\/section>\n\t\t\t\t<section class=\"elementor-section elementor-top-section elementor-element elementor-element-275ae601 elementor-section-boxed elementor-section-height-default elementor-section-height-default sc_fly_static\" data-id=\"275ae601\" data-element_type=\"section\">\n\t\t\t\t\t\t<div class=\"elementor-container elementor-column-gap-extended\">\n\t\t\t\t\t<div class=\"elementor-column elementor-col-100 elementor-top-column elementor-element elementor-element-2a2a769 sc_inner_width_none sc_content_align_inherit sc_layouts_column_icons_position_left sc_fly_static\" data-id=\"2a2a769\" data-element_type=\"column\">\n\t\t\t<div class=\"elementor-widget-wrap elementor-element-populated\">\n\t\t\t\t\t\t<div class=\"elementor-element elementor-element-57edafff sc_fly_static elementor-widget elementor-widget-spacer\" data-id=\"57edafff\" data-element_type=\"widget\" data-widget_type=\"spacer.default\">\n\t\t\t\t<div class=\"elementor-widget-container\">\n\t\t\t<style>\/*! elementor - v3.23.0 - 15-07-2024 *\/\n.elementor-column .elementor-spacer-inner{height:var(--spacer-size)}.e-con{--container-widget-width:100%}.e-con-inner>.elementor-widget-spacer,.e-con>.elementor-widget-spacer{width:var(--container-widget-width,var(--spacer-size));--align-self:var(--container-widget-align-self,initial);--flex-shrink:0}.e-con-inner>.elementor-widget-spacer>.elementor-widget-container,.e-con>.elementor-widget-spacer>.elementor-widget-container{height:100%;width:100%}.e-con-inner>.elementor-widget-spacer>.elementor-widget-container>.elementor-spacer,.e-con>.elementor-widget-spacer>.elementor-widget-container>.elementor-spacer{height:100%}.e-con-inner>.elementor-widget-spacer>.elementor-widget-container>.elementor-spacer>.elementor-spacer-inner,.e-con>.elementor-widget-spacer>.elementor-widget-container>.elementor-spacer>.elementor-spacer-inner{height:var(--container-widget-height,var(--spacer-size))}.e-con-inner>.elementor-widget-spacer.elementor-widget-empty,.e-con>.elementor-widget-spacer.elementor-widget-empty{position:relative;min-height:22px;min-width:22px}.e-con-inner>.elementor-widget-spacer.elementor-widget-empty .elementor-widget-empty-icon,.e-con>.elementor-widget-spacer.elementor-widget-empty .elementor-widget-empty-icon{position:absolute;top:0;bottom:0;left:0;right:0;margin:auto;padding:0;width:22px;height:22px}<\/style>\t\t<div class=\"elementor-spacer\">\n\t\t\t<div class=\"elementor-spacer-inner\"><\/div>\n\t\t<\/div>\n\t\t\t\t<\/div>\n\t\t\t\t<\/div>\n\t\t\t\t\t<\/div>\n\t\t<\/div>\n\t\t\t\t\t<\/div>\n\t\t<\/section>\n\t\t\t\t<\/div>\n\t\t","protected":false},"excerpt":{"rendered":"<p>Allgemeine Gesch\u00e4ftsbedingungen (AGB) Hung Tieu Management Consulting | Training | Coaching Barbenweg 870378 Stuttgart Stand: 1. Januar 2023 Seminare Anmeldung: Bitte melden Sie sich online \u00fcber unsere Website oder schriftlich&hellip;<\/p>\n","protected":false},"author":1,"featured_media":0,"parent":0,"menu_order":0,"comment_status":"closed","ping_status":"closed","template":"","meta":{"_exactmetrics_skip_tracking":false,"_exactmetrics_sitenote_active":false,"_exactmetrics_sitenote_note":"","_exactmetrics_sitenote_category":0,"footnotes":""},"class_list":["post-7985","page","type-page","status-publish","hentry"],"_links":{"self":[{"href":"https:\/\/www.hungtieu.com\/public_html\/wp-json\/wp\/v2\/pages\/7985"}],"collection":[{"href":"https:\/\/www.hungtieu.com\/public_html\/wp-json\/wp\/v2\/pages"}],"about":[{"href":"https:\/\/www.hungtieu.com\/public_html\/wp-json\/wp\/v2\/types\/page"}],"author":[{"embeddable":true,"href":"https:\/\/www.hungtieu.com\/public_html\/wp-json\/wp\/v2\/users\/1"}],"replies":[{"embeddable":true,"href":"https:\/\/www.hungtieu.com\/public_html\/wp-json\/wp\/v2\/comments?post=7985"}],"version-history":[{"count":4,"href":"https:\/\/www.hungtieu.com\/public_html\/wp-json\/wp\/v2\/pages\/7985\/revisions"}],"predecessor-version":[{"id":7989,"href":"https:\/\/www.hungtieu.com\/public_html\/wp-json\/wp\/v2\/pages\/7985\/revisions\/7989"}],"wp:attachment":[{"href":"https:\/\/www.hungtieu.com\/public_html\/wp-json\/wp\/v2\/media?parent=7985"}],"curies":[{"name":"wp","href":"https:\/\/api.w.org\/{rel}","templated":true}]}}